{"id":21,"date":"2021-09-28T19:44:14","date_gmt":"2021-09-28T19:44:14","guid":{"rendered":"http:\/\/vannessartstudio.com\/?page_id=21"},"modified":"2021-11-16T17:34:00","modified_gmt":"2021-11-16T17:34:00","slug":"about","status":"publish","type":"page","link":"https:\/\/www.vannessartstudio.com\/index.php\/about\/","title":{"rendered":"About"},"content":{"rendered":"\t\t<div data-elementor-type=\"wp-page\" data-elementor-id=\"21\" class=\"elementor elementor-21\">\n\t\t\t\t\t\t<section class=\"elementor-section elementor-top-section elementor-element elementor-element-8d9a94f elementor-section-boxed elementor-section-height-default elementor-section-height-default\" data-id=\"8d9a94f\" data-element_type=\"section\" data-e-type=\"section\">\n\t\t\t\t\t\t<div class=\"elementor-container elementor-column-gap-default\">\n\t\t\t\t\t<div class=\"elementor-column elementor-col-50 elementor-top-column elementor-element elementor-element-d10635e\" data-id=\"d10635e\" data-element_type=\"column\" data-e-type=\"column\">\n\t\t\t<div class=\"elementor-widget-wrap elementor-element-populated\">\n\t\t\t\t\t\t<div class=\"elementor-element elementor-element-c4769b6 elementor-widget elementor-widget-image\" data-id=\"c4769b6\" data-element_type=\"widget\" data-e-type=\"widget\" data-widget_type=\"image.default\">\n\t\t\t\t<div class=\"elementor-widget-container\">\n\t\t\t\t\t\t\t\t\t\t\t\t\t\t\t<img fetchpriority=\"high\" decoding=\"async\" width=\"230\" height=\"300\" src=\"https:\/\/www.vannessartstudio.com\/wp-content\/uploads\/2021\/10\/Portrait-230x300.jpg\" class=\"attachment-medium size-medium wp-image-34\" alt=\"\" srcset=\"https:\/\/www.vannessartstudio.com\/wp-content\/uploads\/2021\/10\/Portrait-230x300.jpg 230w, https:\/\/www.vannessartstudio.com\/wp-content\/uploads\/2021\/10\/Portrait-784x1024.jpg 784w, https:\/\/www.vannessartstudio.com\/wp-content\/uploads\/2021\/10\/Portrait-768x1003.jpg 768w, https:\/\/www.vannessartstudio.com\/wp-content\/uploads\/2021\/10\/Portrait.jpg 1135w\" sizes=\"(max-width: 230px) 100vw, 230px\" \/>\t\t\t\t\t\t\t\t\t\t\t\t\t\t\t<\/div>\n\t\t\t\t<\/div>\n\t\t\t\t<div class=\"elementor-element elementor-element-6940ce7 elementor-widget elementor-widget-image\" data-id=\"6940ce7\" data-element_type=\"widget\" data-e-type=\"widget\" data-widget_type=\"image.default\">\n\t\t\t\t<div class=\"elementor-widget-container\">\n\t\t\t\t\t\t\t\t\t\t\t\t\t\t\t<img decoding=\"async\" width=\"223\" height=\"86\" src=\"https:\/\/www.vannessartstudio.com\/wp-content\/uploads\/2021\/11\/new-signature-2.png\" class=\"attachment-medium size-medium wp-image-171\" alt=\"\" \/>\t\t\t\t\t\t\t\t\t\t\t\t\t\t\t<\/div>\n\t\t\t\t<\/div>\n\t\t\t\t\t<\/div>\n\t\t<\/div>\n\t\t\t\t<div class=\"elementor-column elementor-col-50 elementor-top-column elementor-element elementor-element-a11621f\" data-id=\"a11621f\" data-element_type=\"column\" data-e-type=\"column\">\n\t\t\t<div class=\"elementor-widget-wrap elementor-element-populated\">\n\t\t\t\t\t\t<div class=\"elementor-element elementor-element-6802861 elementor-widget elementor-widget-text-editor\" data-id=\"6802861\" data-element_type=\"widget\" data-e-type=\"widget\" data-widget_type=\"text-editor.default\">\n\t\t\t\t<div class=\"elementor-widget-container\">\n\t\t\t\t\t\t\t\t\t<p>Born in Havana, Cuba, moved to Miami beach since 1968. She paints with feelings that transmit latent and deep emotions, the ones that remain and accompany us the rest of our lives. Her paintings convey a sublime, philosophical, spiritual message that elicits and manifests the purest expression of her spirit. There is passion, strength, reality, and rare drama in each of her compositions. She places a seal of integrity and a poetic elixir that reveals her great sensibility in all her works. Her paintings can be found in collections in the United States, Canada, Europe, and Cuba.<\/p><p>Nacida en La Habana, Cuba, radicada en Miami Beach desde 1968. Pinta con el sentimiento que transmiten las emociones profundas y latentes, las que quedas y nos acompa\u00f1an toda la vida. Sus trabajos divulgan un mensage sublime, filos\u00f3fico, espiritual, que desencadenan y manifiestan la mas pura expresi\u00f3n de su espiritu. Hay pasi\u00f3n, fuerza, realidad, y un raro dramatismo en cada una de sus obras. Le pone a sus trabajas el sello de la integridad y un elixir po\u00e9tico que la revela como una creadora de una gran sensibilidad. Sus obras se encuentran en colecciones de los Estados Unidos, Canad\u00e1, Europa, y Cuba.<\/p><p>-Rafael Vega J., Director del Diccionario de Artistas Contempor\u00e1neos<\/p>\t\t\t\t\t\t\t\t<\/div>\n\t\t\t\t<\/div>\n\t\t\t\t\t<\/div>\n\t\t<\/div>\n\t\t\t\t\t<\/div>\n\t\t<\/section>\n\t\t\t\t<section class=\"elementor-section elementor-top-section elementor-element elementor-element-b133604 elementor-section-boxed elementor-section-height-default elementor-section-height-default\" data-id=\"b133604\" data-element_type=\"section\" data-e-type=\"section\">\n\t\t\t\t\t\t<div class=\"elementor-container elementor-column-gap-default\">\n\t\t\t\t\t<div class=\"elementor-column elementor-col-100 elementor-top-column elementor-element elementor-element-0a2a126\" data-id=\"0a2a126\" data-element_type=\"column\" data-e-type=\"column\">\n\t\t\t<div class=\"elementor-widget-wrap elementor-element-populated\">\n\t\t\t\t\t\t<div class=\"elementor-element elementor-element-9321aa5 elementor-widget-divider--view-line elementor-widget elementor-widget-divider\" data-id=\"9321aa5\" data-element_type=\"widget\" data-e-type=\"widget\" data-widget_type=\"divider.default\">\n\t\t\t\t<div class=\"elementor-widget-container\">\n\t\t\t\t\t\t\t<div class=\"elementor-divider\">\n\t\t\t<span class=\"elementor-divider-separator\">\n\t\t\t\t\t\t<\/span>\n\t\t<\/div>\n\t\t\t\t\t\t<\/div>\n\t\t\t\t<\/div>\n\t\t\t\t\t<\/div>\n\t\t<\/div>\n\t\t\t\t\t<\/div>\n\t\t<\/section>\n\t\t\t\t<section class=\"elementor-section elementor-top-section elementor-element elementor-element-8ee7e02 elementor-section-boxed elementor-section-height-default elementor-section-height-default\" data-id=\"8ee7e02\" data-element_type=\"section\" data-e-type=\"section\">\n\t\t\t\t\t\t<div class=\"elementor-container elementor-column-gap-default\">\n\t\t\t\t\t<div class=\"elementor-column elementor-col-100 elementor-top-column elementor-element elementor-element-0384463\" data-id=\"0384463\" data-element_type=\"column\" data-e-type=\"column\">\n\t\t\t<div class=\"elementor-widget-wrap elementor-element-populated\">\n\t\t\t\t\t\t<div class=\"elementor-element elementor-element-e8ced6c elementor-widget elementor-widget-heading\" data-id=\"e8ced6c\" data-element_type=\"widget\" data-e-type=\"widget\" data-widget_type=\"heading.default\">\n\t\t\t\t<div class=\"elementor-widget-container\">\n\t\t\t\t\t<h2 class=\"elementor-heading-title elementor-size-default\">Curriculum Personal<\/h2>\t\t\t\t<\/div>\n\t\t\t\t<\/div>\n\t\t\t\t\t<\/div>\n\t\t<\/div>\n\t\t\t\t\t<\/div>\n\t\t<\/section>\n\t\t\t\t<section class=\"elementor-section elementor-top-section elementor-element elementor-element-9e4b5be elementor-section-boxed elementor-section-height-default elementor-section-height-default\" data-id=\"9e4b5be\" data-element_type=\"section\" data-e-type=\"section\">\n\t\t\t\t\t\t<div class=\"elementor-container elementor-column-gap-default\">\n\t\t\t\t\t<div class=\"elementor-column elementor-col-100 elementor-top-column elementor-element elementor-element-823527d\" data-id=\"823527d\" data-element_type=\"column\" data-e-type=\"column\">\n\t\t\t<div class=\"elementor-widget-wrap elementor-element-populated\">\n\t\t\t\t\t\t<div class=\"elementor-element elementor-element-1920c80 elementor-widget elementor-widget-text-editor\" data-id=\"1920c80\" data-element_type=\"widget\" data-e-type=\"widget\" data-widget_type=\"text-editor.default\">\n\t\t\t\t<div class=\"elementor-widget-container\">\n\t\t\t\t\t\t\t\t\t<h2><b style=\"color: var( --e-global-color-text ); font-family: var( --e-global-typography-text-font-family ), Sans-serif; font-size: 1rem;\">Cuba<\/b><\/h2><p>Comisiones privadas<\/p><p>Murales y comisiones para el Dpto. Escolar en la ciudad de La Habana<\/p>\t\t\t\t\t\t\t\t<\/div>\n\t\t\t\t<\/div>\n\t\t\t\t<div class=\"elementor-element elementor-element-873b9c9 elementor-widget elementor-widget-text-editor\" data-id=\"873b9c9\" data-element_type=\"widget\" data-e-type=\"widget\" data-widget_type=\"text-editor.default\">\n\t\t\t\t<div class=\"elementor-widget-container\">\n\t\t\t\t\t\t\t\t\t<p><b>USA<\/b><\/p><p>Comisiones privadas<\/p><p>Galer\u00eda Latin Brush Strokes, Naples<\/p><p>Revista Socio Cultural Ibero Americana Internacional<\/p><p>Diccionario Contemporaneo de Artistas<\/p><p>Da Vinci\u2019s Galer\u00eda, Coral Gables, Florida<\/p><p>Exhibicion colectiva en Galer\u00eda Fraga, Florida<\/p><p>Certificaci\u00f3n de apreciaci\u00f3n del Alcalde y de la Junta de Comisi\u00f3n del Condado Dade<\/p><p>Exposici\u00f3n \u201cArmon\u00eda, Paz y Amor\u201d One Brickell Square<\/p><p>Exhibici\u00f3n de Arte del Miami Free Zone, Florida<\/p><p>Exhibici\u00f3n de la Camara de Comercio Latina CAMACOL<\/p><p>Exhibici\u00f3n Art Philadelphia, Pennsylvania<\/p><p>Macor Galer\u00eda, Madrid, Espana<\/p><p>Tasd Gallery, Contemporary Spanish Art, Florida<\/p><p>Casa Juancho, Children of the Tropic, Florida<\/p><p>Voices for the Children, Beach Bank Art Auction, Florida<\/p><p>Miami Buenavista Lions Club, Florida<\/p><p>Casa Juancho, Peque\u00f1os Formatos, Florida<\/p><p>Consulado General de Colombia, Florida<\/p><p>Miami Children Museum, Florida<\/p><p>FAJM Feria de Arte Independiente en Madrid<\/p><p>Voices for the Children Foundation, Florida<\/p><p>Brickell Key Art Show, Florida<\/p><p>Mi Arte Gallery, Coral Gables, Florida<\/p><p>Menci\u00f3n Especial Obra \u201cTernura\u201d Casa de la Cultura, Madrid<\/p><p>Hispanic Art Expressions, Miami, Florida<\/p>\t\t\t\t\t\t\t\t<\/div>\n\t\t\t\t<\/div>\n\t\t\t\t\t<\/div>\n\t\t<\/div>\n\t\t\t\t\t<\/div>\n\t\t<\/section>\n\t\t\t\t<\/div>\n\t\t","protected":false},"excerpt":{"rendered":"<p>Born in Havana, Cuba, moved to Miami beach since 1968. She paints with feelings that transmit latent and deep emotions, the ones that remain and accompany us the rest of our lives. Her paintings convey a sublime, philosophical, spiritual message that elicits and manifests the purest expression of her spirit. There is passion, strength, reality, [&hellip;]<\/p>\n","protected":false},"author":2,"featured_media":0,"parent":0,"menu_order":0,"comment_status":"closed","ping_status":"closed","template":"","meta":{"_monsterinsights_skip_tracking":false,"_monsterinsights_sitenote_active":false,"_monsterinsights_sitenote_note":"","_monsterinsights_sitenote_category":0,"footnotes":""},"class_list":["post-21","page","type-page","status-publish","hentry"],"_links":{"self":[{"href":"https:\/\/www.vannessartstudio.com\/index.php\/wp-json\/wp\/v2\/pages\/21","targetHints":{"allow":["GET"]}}],"collection":[{"href":"https:\/\/www.vannessartstudio.com\/index.php\/wp-json\/wp\/v2\/pages"}],"about":[{"href":"https:\/\/www.vannessartstudio.com\/index.php\/wp-json\/wp\/v2\/types\/page"}],"author":[{"embeddable":true,"href":"https:\/\/www.vannessartstudio.com\/index.php\/wp-json\/wp\/v2\/users\/2"}],"replies":[{"embeddable":true,"href":"https:\/\/www.vannessartstudio.com\/index.php\/wp-json\/wp\/v2\/comments?post=21"}],"version-history":[{"count":31,"href":"https:\/\/www.vannessartstudio.com\/index.php\/wp-json\/wp\/v2\/pages\/21\/revisions"}],"predecessor-version":[{"id":177,"href":"https:\/\/www.vannessartstudio.com\/index.php\/wp-json\/wp\/v2\/pages\/21\/revisions\/177"}],"wp:attachment":[{"href":"https:\/\/www.vannessartstudio.com\/index.php\/wp-json\/wp\/v2\/media?parent=21"}],"curies":[{"name":"wp","href":"https:\/\/api.w.org\/{rel}","templated":true}]}}